{"id":11580,"date":"2017-03-10T16:46:38","date_gmt":"2017-03-10T15:46:38","guid":{"rendered":"http:\/\/www.realclubdegolflasbrisas.com\/?page_id=11580\/"},"modified":"2026-03-04T14:06:31","modified_gmt":"2026-03-04T13:06:31","slug":"agm","status":"publish","type":"page","link":"https:\/\/realclubdegolflasbrisas.com\/es\/agm\/","title":{"rendered":"2026 Convocatoria Asamblea General Ordinaria y Extraordinaria"},"content":{"rendered":"\n<h3 class=\"wp-block-heading p1\"><span class=\"s1\"><strong>2026\/04\/01<\/strong><\/span> <span class=\"s1\">Convocatoria Asamblea General  Extraordinaria<\/span><\/h3>\n\n\n\n<p>Descargue aqu\u00ed en formato PDF<br><a class=\"zps_btn  \" href=\"https:\/\/realclubdegolflasbrisas.com\/downloads\/AGM\/RCGB-AGM-2026-ESP.pdf\" target=\"_blank\"> DESCARGA DOSSIER<\/a><\/p>\n\n\n\n<h3 class=\"wp-block-heading\"><strong>2026\/04\/01<\/strong> Delegaci\u00f3n electr\u00f3nica de voto para asambleas<\/h3>\n\n\n\n<p>Acceda aqu\u00ed para tramitar su delegaci\u00f3n electr\u00f3nica de voto para asambleas. Sus credenciales de acceso fueron enviadas a su correo electr\u00f3nico el 4 de Marzo de 2026.<br><a class=\"zps_btn  \" href=\"https:\/\/logins.assembly-voting.com\/lasbrisas\/es\/factor_logins\/new\" target=\"_blank\"> DELEGACION ELECTR\u00d3NICA DE VOTO PARA ASAMBLEAS<\/a><\/p>\n\n\n\n<h3 class=\"wp-block-heading\"><strong>2026\/04\/01<\/strong> Delegaci\u00f3n de voto LB<\/h3>\n\n\n\n<p>Descargue aqu\u00ed tu delegaci\u00f3n de voto para Las Brisas en formato PDF<br><a class=\"zps_btn  \" href=\"https:\/\/realclubdegolflasbrisas.com\/downloads\/AGM\/RCGB-AGM-2026-ESP-PROXI-LB.pdf\" target=\"_blank\"> DELEGACION DE VOTO LB<\/a><\/p>\n\n\n\n<h3 class=\"wp-block-heading\"><strong>2026\/04\/01<\/strong> Delegaci\u00f3n de voto CAMPOGOLF<\/h3>\n\n\n\n<p>Descargue aqu\u00ed tu delegaci\u00f3n de voto para Las Brisas en formato PDF<br><a class=\"zps_btn  \" href=\"https:\/\/realclubdegolflasbrisas.com\/downloads\/AGM\/RCGB-AGM-2026-ESP-PROXI-CG.pdf\" target=\"_blank\"> DELEGACION DE VOTO CAMPOGOLF<\/a><\/p>\n\n\n\n<p>&nbsp;<\/p>\n","protected":false},"excerpt":{"rendered":"<p>2026\/04\/01 Convocatoria Asamblea General Extraordinaria Descargue aqu\u00ed en formato PDF 2026\/04\/01 Delegaci\u00f3n electr\u00f3nica de voto para asambleas Acceda aqu\u00ed para tramitar su delegaci\u00f3n electr\u00f3nica de voto para asambleas. Sus credenciales de acceso fueron enviadas a su correo electr\u00f3nico el 4 de Marzo de 2026. 2026\/04\/01 Delegaci\u00f3n de voto LB Descargue aqu\u00ed tu delegaci\u00f3n de voto<a class=\"more-link\" href=\"https:\/\/realclubdegolflasbrisas.com\/es\/agm\/\"> Read Full Article <\/a><\/p>\n","protected":false},"author":2,"featured_media":20758,"parent":0,"menu_order":0,"comment_status":"closed","ping_status":"closed","template":"","meta":{"_genesis_hide_title":false,"_genesis_hide_breadcrumbs":false,"_genesis_hide_singular_image":false,"_genesis_hide_footer_widgets":false,"_genesis_custom_body_class":"","_genesis_custom_post_class":"","_genesis_layout":"","footnotes":""},"class_list":{"0":"post-11580","1":"page","2":"type-page","3":"status-publish","4":"has-post-thumbnail","6":"entry"},"_links":{"self":[{"href":"https:\/\/realclubdegolflasbrisas.com\/es\/wp-json\/wp\/v2\/pages\/11580","targetHints":{"allow":["GET"]}}],"collection":[{"href":"https:\/\/realclubdegolflasbrisas.com\/es\/wp-json\/wp\/v2\/pages"}],"about":[{"href":"https:\/\/realclubdegolflasbrisas.com\/es\/wp-json\/wp\/v2\/types\/page"}],"author":[{"embeddable":true,"href":"https:\/\/realclubdegolflasbrisas.com\/es\/wp-json\/wp\/v2\/users\/2"}],"replies":[{"embeddable":true,"href":"https:\/\/realclubdegolflasbrisas.com\/es\/wp-json\/wp\/v2\/comments?post=11580"}],"version-history":[{"count":17,"href":"https:\/\/realclubdegolflasbrisas.com\/es\/wp-json\/wp\/v2\/pages\/11580\/revisions"}],"predecessor-version":[{"id":20795,"href":"https:\/\/realclubdegolflasbrisas.com\/es\/wp-json\/wp\/v2\/pages\/11580\/revisions\/20795"}],"wp:featuredmedia":[{"embeddable":true,"href":"https:\/\/realclubdegolflasbrisas.com\/es\/wp-json\/wp\/v2\/media\/20758"}],"wp:attachment":[{"href":"https:\/\/realclubdegolflasbrisas.com\/es\/wp-json\/wp\/v2\/media?parent=11580"}],"curies":[{"name":"wp","href":"https:\/\/api.w.org\/{rel}","templated":true}]}}