{"id":12007,"date":"2017-01-26T10:47:30","date_gmt":"2017-01-26T09:47:30","guid":{"rendered":"http:\/\/www.realclubdegolflasbrisas.com\/?page_id=12007\/"},"modified":"2024-04-08T11:55:43","modified_gmt":"2024-04-08T09:55:43","slug":"nuestra-historia","status":"publish","type":"page","link":"https:\/\/realclubdegolflasbrisas.com\/es\/nuestra-historia\/","title":{"rendered":"NUESTRA HISTORIA"},"content":{"rendered":"<div id=\"attachment_10571\" style=\"width: 542px\" class=\"wp-caption aligncenter\"><img loading=\"lazy\" decoding=\"async\" aria-describedby=\"caption-attachment-10571\" class=\"wp-image-10571 size-full\" src=\"https:\/\/realclubdegolflasbrisas.com\/wp-content\/uploads\/2017\/01\/RCGB-historia_foto.jpg\" alt=\"\" width=\"532\" height=\"244\" srcset=\"https:\/\/realclubdegolflasbrisas.com\/wp-content\/uploads\/2017\/01\/RCGB-historia_foto.jpg 532w, https:\/\/realclubdegolflasbrisas.com\/wp-content\/uploads\/2017\/01\/RCGB-historia_foto-300x138.jpg 300w\" sizes=\"auto, (max-width: 532px) 100vw, 532px\" \/><p id=\"caption-attachment-10571\" class=\"wp-caption-text\">Inaugural Championship | 1970<\/p><\/div>\n<h2>EL REAL CLUB DE GOLF LAS BRISAS fue fundado por D. Jose Banus en 1968 con el nombre de \u00abClub de Golf Nueva Andaluc\u00eda\u00bb.<\/h2>\n<p><strong>\u00c9l ser\u00eda su primer Presidente hasta 1981.<\/strong><br \/>\n___<\/p>\n<p>Para su dise\u00f1o eligi\u00f3 al americano Robert Trent Jones, considerado ya entonces como uno de los mejores dise\u00f1adores del mundo de campos de golf. Acababa de construir el campo de Sotogrande y, posteriormente a Las Brisas, dise\u00f1ar\u00eda tambi\u00e9n Los Naranjos y Valderrama. El recorrido de este club de Marbella presenta m\u00faltiples obst\u00e1culos de agua: hay diez lagos artificiales alimentados por dos arroyos. Los greenes, en su mayor\u00eda elevados, est\u00e1n muy protegidos por bunkers. El resultado del trabajo de Robert Trent Jones, que hoy seguimos disfrutando, fue verdaderamente notable y original, consiguiendo un campo dif\u00edcil y atractivo. Tambi\u00e9n fue original en el c\u00e9sped empleado: \u201cBermuda\u201d en las calles y \u201cPencross Bent\u201d en los greenes, especies inusuales en Europa en los a\u00f1os sesenta; la consecuencia de todo ello es un trazado que requiere jugar un golf de precisi\u00f3n. Como opini\u00f3n de grandes jugadores de golf podemos reflejar la de Paul Azinger (EE.UU.): \u201cLas Brisas no tiene un mal hoyo. De hecho es uno de los mejores campos en los que he podido jugar\u201d.<\/p>\n<p>Como complemento al original dise\u00f1o, D. Jos\u00e9 Ban\u00fas encarg\u00f3 la jardiner\u00eda y el arboretum del campo al ingl\u00e9s Gerald Huggan, que acababa de regresar de Kenia donde hab\u00eda dise\u00f1ado los jardines de Nairobi, gran especialista en plantas subtropicales. En Las Brisas podemos disfrutar de su trabajo e imaginaci\u00f3n. Aqu\u00ed se encuentran representados \u00e1rboles de todos los continentes, as\u00ed: especies de \u00c1frica como el Casta\u00f1o del Cabo y las Acacias Espinosas, de Asia el Laurel de la India y la Higuera de Mysore, de Am\u00e9rica el Palo Borracho y el Fresno Verde de M\u00e9jico, de Australia la Acacia Negra y el Transparente, junto a m\u00faltiples especies de palmeras y \u00e1rboles mediterr\u00e1neos que conviven en gran armon\u00eda, convirtiendo nuestro campo en un aut\u00e9ntico jard\u00edn bot\u00e1nico.<\/p>\n<p>En los siguientes diez a\u00f1os nuestro Club se transforma en un Club abierto, que sirve a la promoci\u00f3n tur\u00edstica de la zona M\u00e1laga Golf, recibiendo numerosos visitantes, pasando por Las Brisas 44.000 jugadores en 1975. En 1981 el grupo Ban\u00fas vende el campo a los empresarios Herman Sauer y Juan Romero que deciden su transformaci\u00f3n en un Club privado; para ello constituyen la sociedad Campogolf, S.A. poseedora de los activos del Club y se emiten 1.320 acciones de la misma. Se mejoran las instalaciones del Club y del campo de golf. En 1983 se celebra de nuevo en el Club, el Open de Espa\u00f1a, constituyendo un gran \u00e9xito deportivo. Lo gana el irland\u00e9s Eamon D\u2019Arcy, quedando segundo el espa\u00f1ol Manuel Pi\u00f1ero; \u00e9ste y Jos\u00e9 Mar\u00eda Ca\u00f1izares lograron igualar el record del campo. En 1983 y tras este per\u00edodo de consolidaci\u00f3n como Club privado, deja la presidencia Herman Sauer, convoc\u00e1ndose elecciones en las que sale elegido D. Antonio de Fortuny como Presidente. En los a\u00f1os siguientes, especialmente de 1985 a 1991 nuestro Club es sede de las m\u00e1s importantes competiciones nacionales e internacionales como las Copas Internacionales de SS.MM. El Rey y La Reina, Open de Espa\u00f1a, Copa de las Naciones y Copa del Mundo.<\/p>\n<p>El Open de Espa\u00f1a celebrado en 1987 fue brillantemente ganado por Nick Faldo, seguido a dos golpes por Severiano Ballesteros. \u00c9ste bati\u00f3 el record del campo en el ProAm jugado el d\u00eda anterior a la competici\u00f3n. La Copa del Mundo se jug\u00f3 por segunda vez en Las Brisas en 1989 resultando vencedor el equipo australiano formado por Peter Fowler y Wayne Grady y subcampe\u00f3n el equipo espa\u00f1ol formado por Jos\u00e9 Mar\u00eda Ca\u00f1izares y Jos\u00e9 Mar\u00eda Olaz\u00e1bal. Las Brisas, durante esos a\u00f1os, alcanza con sus equipos y representantes excelentes resultados deportivos, especialmente dentro de Andaluc\u00eda.<\/p>\n<p style=\"text-align: center;\"><img loading=\"lazy\" decoding=\"async\" class=\"aligncenter size-medium wp-image-18738\" src=\"https:\/\/realclubdegolflasbrisas.com\/wp-content\/uploads\/2017\/01\/B-1small-300x225.jpg\" alt=\"\" width=\"300\" height=\"225\" srcset=\"https:\/\/realclubdegolflasbrisas.com\/wp-content\/uploads\/2017\/01\/B-1small-300x225.jpg 300w, https:\/\/realclubdegolflasbrisas.com\/wp-content\/uploads\/2017\/01\/B-1small.jpg 768w\" sizes=\"auto, (max-width: 300px) 100vw, 300px\" \/><\/p>\n<p>En 2023, el Real Club de Golf Las Brisas a\u00f1adi\u00f3 un nuevo cap\u00edtulo a su distinguida historia al albergar el Open de Espa\u00f1a Femenino. Este prestigioso torneo destac\u00f3 la excelencia y el esp\u00edritu competitivo del golf femenino, atrayendo a algunas de las mejores jugadoras del mundo, incluida Aditi Ashok, quien se llev\u00f3 el triunfo en una emocionante competici\u00f3n. Adem\u00e1s, el club fue reconocido por las jugadoras del Ladies European Tour como el campo mejor presentado en la temporada de 2023, lo que subraya su excepcional mantenimiento y calidad. La competici\u00f3n no solo reafirm\u00f3 la reputaci\u00f3n del club como sede de eventos de golf de alto nivel, sino que tambi\u00e9n subray\u00f3 su compromiso con la promoci\u00f3n del deporte en todas sus facetas. El \u00e9xito del torneo y la participaci\u00f3n de talentosas golfistas internacionales contribuyeron significativamente al legado ya rico del club, demostrando una vez m\u00e1s su posici\u00f3n como uno de los campos de golf m\u00e1s emblem\u00e1ticos de Espa\u00f1a.<\/p>\n<p style=\"text-align: center;\"><iframe loading=\"lazy\" title=\"Las Brisas \u2013 Road to Open de Espa\u00f1a\" src=\"https:\/\/player.vimeo.com\/video\/921071290?badge=0&amp;autopause=0&amp;player_id=0&amp;app_id=58479\" width=\"400\" height=\"225\" frameborder=\"0\"><\/iframe><\/p>\n<p>Actualmente Las Brisas tiene unos 1.225 socios, de mas de treinta nacionalidades distintas, y su car\u00e1cter privado hace que solo se den unos pocos green fees de visitantes cada a\u00f1o.<\/p>\n<h2>Disfrutar de uno de los mejores campos de golf en Espa\u00f1a.<\/h2>\n<p><strong>Golf bajo el sol en Andaluc\u00eda.<\/strong><br \/>\n___<\/p>\n<p style=\"text-align: center;\"><img loading=\"lazy\" decoding=\"async\" class=\"aligncenter size-medium wp-image-18732\" src=\"https:\/\/realclubdegolflasbrisas.com\/wp-content\/uploads\/2017\/01\/6855_tube_79_andalucia-5-300x189.jpg\" alt=\"\" width=\"300\" height=\"189\" srcset=\"https:\/\/realclubdegolflasbrisas.com\/wp-content\/uploads\/2017\/01\/6855_tube_79_andalucia-5-300x189.jpg 300w, https:\/\/realclubdegolflasbrisas.com\/wp-content\/uploads\/2017\/01\/6855_tube_79_andalucia-5-768x483.jpg 768w, https:\/\/realclubdegolflasbrisas.com\/wp-content\/uploads\/2017\/01\/6855_tube_79_andalucia-5-1024x644.jpg 1024w, https:\/\/realclubdegolflasbrisas.com\/wp-content\/uploads\/2017\/01\/6855_tube_79_andalucia-5.jpg 1862w\" sizes=\"auto, (max-width: 300px) 100vw, 300px\" \/><\/p>\n<p>Uno de los campos de golf en Espa\u00f1a dise\u00f1ado por Robert Trent Jones (padre), cada hoyo del Real Club de Golf Las Brisas ha sido cuidadosamente estudiado para que guste a la vista y al mismo tiempo sea capaz de retar incluso al jugador m\u00e1s veterano. Numerosos obst\u00e1culos de agua y prudentes b\u00fankeres se combinan con \u00e1ngulos sutilmente abruptos que sugieren una planificaci\u00f3n cuidadosa y la necesidad de dar buenos golpes para poder conseguir las puntuaciones m\u00e1s bajas.<\/p>\n<p>Antes de su muerte en el a\u00f1o 2000, a la edad de 93 a\u00f1os, Robert Trent Jones dise\u00f1\u00f3 y remodel\u00f3 m\u00e1s de 400 campos en 45 estados de los Estados Unidos, y 35 pa\u00edses de todo el mundo, lo que le convirti\u00f3 en uno de los dise\u00f1adores de campos de golf m\u00e1s prol\u00edficos del siglo veinte. Real Club de Golf Las Brisas es un campo de golf en Andalucia donde los jugadores pueden disfrutar de una de sus mayores creaciones, donde ha sabido llevar a la pr\u00e1ctica las muchas filosof\u00edas de dise\u00f1o que le llevaron a hacerse un sitio en el portal de la fama del mundo del golf.<\/p>\n<p>Citas del libro \u00abGolf&#8217;s Magnificent Challenge\u00bb \u00abEl magn\u00edfico reto del golf\u00bb escrito por Robert Trent Jones y Larry Dennos:<\/p>\n<blockquote><p>Mi filosof\u00eda ha sido siempre que cada hoyo debe ser un par dif\u00edcil y un bogey f\u00e1cil. Todos los campos deben suponer un reto, pero siempre debe ser divertido jugar en \u00e9l.<\/p><\/blockquote>\n<blockquote><p>Un gran campo debe ser una fuente de placer para el mayor n\u00famero de jugadores\u2026debe dar al jugador de golf medio una oportunidad justa, al mismo tiempo que exige lo m\u00e1ximo del jugador m\u00e1s experimentado.<\/p><\/blockquote>\n<blockquote><p>Nunca hagas que un campo sea tan castigador que un golfista que no sea un gran jugador tenga que usar demasiados golpes y se sienta tan avergonzado y frustrado, que deje de jugar. Ellos son el juego.<\/p><\/blockquote>\n<blockquote><p>Un golpe perfecto deber recibir una recompensa. Un golpe ligeramente fuera de su objetivo deber\u00eda ofrecer al jugador alguna dificultad para ejecutar el siguiente. Un mal golpe deber\u00eda llevar consigo un castigo, forzando al jugador a dar un golpe h\u00e1bil para recuperarse.<\/p><\/blockquote>\n<p>En 2015, el Real Club de Golf Las Brisas experiment\u00f3 una importante renovaci\u00f3n bajo la direcci\u00f3n de Kyle Phillips, un distinguido arquitecto de campos de golf. Este proyecto no solo revitaliz\u00f3 el campo, respetando su dise\u00f1o original y desafiante, sino que tambi\u00e9n asegur\u00f3 que continuara cumpliendo con los m\u00e1s altos est\u00e1ndares de excelencia en el golf. Esta renovaci\u00f3n reafirm\u00f3 a Las Brisas como un destino de golf de primer nivel, honrando sus ra\u00edces hist\u00f3ricas mientras adoptaba avances modernos en el dise\u00f1o de campos de golf.<\/p>\n<p style=\"text-align: center;\"><img loading=\"lazy\" decoding=\"async\" class=\"aligncenter size-medium wp-image-18727\" src=\"https:\/\/realclubdegolflasbrisas.com\/wp-content\/uploads\/2017\/01\/Kyle-Phillips-18th-Backdrop-300x225.jpg\" alt=\"\" width=\"300\" height=\"225\" srcset=\"https:\/\/realclubdegolflasbrisas.com\/wp-content\/uploads\/2017\/01\/Kyle-Phillips-18th-Backdrop-300x225.jpg 300w, https:\/\/realclubdegolflasbrisas.com\/wp-content\/uploads\/2017\/01\/Kyle-Phillips-18th-Backdrop-768x576.jpg 768w, https:\/\/realclubdegolflasbrisas.com\/wp-content\/uploads\/2017\/01\/Kyle-Phillips-18th-Backdrop-1024x768.jpg 1024w, https:\/\/realclubdegolflasbrisas.com\/wp-content\/uploads\/2017\/01\/Kyle-Phillips-18th-Backdrop.jpg 1600w\" sizes=\"auto, (max-width: 300px) 100vw, 300px\" \/><\/p>\n","protected":false},"excerpt":{"rendered":"<p>EL REAL CLUB DE GOLF LAS BRISAS fue fundado por D. Jose Banus en 1968 con el nombre de \u00abClub de Golf Nueva Andaluc\u00eda\u00bb. \u00c9l ser\u00eda su primer Presidente hasta 1981. ___ Para su dise\u00f1o eligi\u00f3 al americano Robert Trent Jones, considerado ya entonces como uno de los mejores dise\u00f1adores del mundo de campos de<a class=\"more-link\" href=\"https:\/\/realclubdegolflasbrisas.com\/es\/nuestra-historia\/\"> Read Full Article <\/a><\/p>\n","protected":false},"author":259,"featured_media":12012,"parent":0,"menu_order":21,"comment_status":"closed","ping_status":"closed","template":"full_width_template.php","meta":{"_genesis_hide_title":false,"_genesis_hide_breadcrumbs":false,"_genesis_hide_singular_image":false,"_genesis_hide_footer_widgets":false,"_genesis_custom_body_class":"","_genesis_custom_post_class":"","_genesis_layout":"","footnotes":""},"class_list":{"0":"post-12007","1":"page","2":"type-page","3":"status-publish","4":"has-post-thumbnail","6":"entry"},"_links":{"self":[{"href":"https:\/\/realclubdegolflasbrisas.com\/es\/wp-json\/wp\/v2\/pages\/12007","targetHints":{"allow":["GET"]}}],"collection":[{"href":"https:\/\/realclubdegolflasbrisas.com\/es\/wp-json\/wp\/v2\/pages"}],"about":[{"href":"https:\/\/realclubdegolflasbrisas.com\/es\/wp-json\/wp\/v2\/types\/page"}],"author":[{"embeddable":true,"href":"https:\/\/realclubdegolflasbrisas.com\/es\/wp-json\/wp\/v2\/users\/259"}],"replies":[{"embeddable":true,"href":"https:\/\/realclubdegolflasbrisas.com\/es\/wp-json\/wp\/v2\/comments?post=12007"}],"version-history":[{"count":0,"href":"https:\/\/realclubdegolflasbrisas.com\/es\/wp-json\/wp\/v2\/pages\/12007\/revisions"}],"wp:featuredmedia":[{"embeddable":true,"href":"https:\/\/realclubdegolflasbrisas.com\/es\/wp-json\/wp\/v2\/media\/12012"}],"wp:attachment":[{"href":"https:\/\/realclubdegolflasbrisas.com\/es\/wp-json\/wp\/v2\/media?parent=12007"}],"curies":[{"name":"wp","href":"https:\/\/api.w.org\/{rel}","templated":true}]}}