{"id":12250,"date":"2017-02-22T22:34:52","date_gmt":"2017-02-22T21:34:52","guid":{"rendered":"http:\/\/www.realclubdegolflasbrisas.com\/politica-de-cookies\/"},"modified":"2025-11-14T14:51:02","modified_gmt":"2025-11-14T13:51:02","slug":"politica-de-cookies","status":"publish","type":"page","link":"https:\/\/realclubdegolflasbrisas.com\/es\/politica-de-cookies\/","title":{"rendered":"Pol\u00edtica de cookies"},"content":{"rendered":"\n<p>El titular del presente Sitio es Real Club de Golf las Brisas, con CIF: G29129400.<\/p>\n\n\n\n<p>Domicilio: Calle Londres s\/n, C.P. 29660, de Nueva Andaluc\u00eda, Marbella (M\u00e1laga)<\/p>\n\n\n\n<p>Tel\u00e9fono: 952810875<\/p>\n\n\n\n<p>Mail DPO: <a href=\"mailto:secretaria@realclubdegolflasbrisas.com\">secretaria@realclubdegolflasbrisas.com<\/a><\/p>\n\n\n\n<p>Esta web, al igual que la mayor\u00eda, usa Cookies. A continuaci\u00f3n encontrar\u00e1 informaci\u00f3n detallada sobre qu\u00e9 son las Cookies, qu\u00e9 tipolog\u00eda usa este sitio web, c\u00f3mo cambiar la configuraci\u00f3n de sus cookies, y qu\u00e9 ocurre si las deshabilita.<\/p>\n\n\n\n<p><strong>Finalidades del tratamiento<\/strong>: Usamos cookies propias y de terceros para mejorar y optimizar la experiencia del usuario, pero tambi\u00e9n para analizar nuestros servicios y recopilar informaci\u00f3n an\u00f3nima tal como el n\u00famero de visitantes del sitio, o las p\u00e1ginas m\u00e1s populares. Adem\u00e1s, compartimos informaci\u00f3n sobre el uso que haga del sitio web con los partners que nos proporcionan las cookies, tanto de redes sociales, publicidad y an\u00e1lisis web.<\/p>\n\n\n\n<p><strong>Legitimaci\u00f3n<\/strong>: La base jur\u00eddica del tratamiento ser\u00e1 el inter\u00e9s leg\u00edtimo para las cookies funcionales o t\u00e9cnicas, y el consentimiento del interesado para las anal\u00edticas, publicitarias persistentes o de terceros; o para cualquier otra no incluida en las categor\u00edas anteriores.<\/p>\n\n\n\n<p><strong>Destinatarios<\/strong>: Principalmente son google y facebook, pero puede ver todos los partners en la tabla sobre cookies, donde tambi\u00e9n se detallan los plazos de conservaci\u00f3n de las cookies.<\/p>\n\n\n\n<p><strong>Duraci\u00f3n<\/strong>: Los datos personales obtenidos por las cookies se guardar\u00e1n como m\u00e1ximo durante un mes, y una vez finalizada la anal\u00edtica, se eliminar\u00e1 cualquier dato identificativo, y se archivar\u00e1n las estad\u00edsticas anonimizadas y agregadas, de forma que no se le podr\u00e1 reidentificar.<\/p>\n\n\n\n<p>Nosotros no transferimos datos fuera de la UE. Tampoco tomamos decisiones automatizadas. Si modificas alg\u00fan dato, te agradecemos que nos lo comuniques para mantenerlos actualizados.<\/p>\n\n\n\n<p><strong>\u00bfQu\u00e9 Derechos tienes?<\/strong><\/p>\n\n\n\n<p>&#8211; A saber si estamos tratando tus datos o no.<\/p>\n\n\n\n<p>&#8211; A acceder a tus datos personales.<\/p>\n\n\n\n<p>&#8211; A solicitar la rectificaci\u00f3n de tus datos si son inexactos.<\/p>\n\n\n\n<p>&#8211; A solicitar la supresi\u00f3n de tus datos si ya no son necesarios para los fines para los que fueron recogidos o si nos retiras el consentimiento otorgado.<\/p>\n\n\n\n<p>&#8211; A solicitar la limitaci\u00f3n del tratamiento de sus datos, en algunos supuestos, en cuyo caso s\u00f3lo los conservaremos de acuerdo con la normativa vigente.<\/p>\n\n\n\n<p>&#8211; A portar tus datos, que te ser\u00e1n facilitados en un formato estructurado, de uso com\u00fan o lectura mec\u00e1nica. Si lo prefieres, se los podemos enviar al nuevo responsable que nos designes. S\u00f3lo es v\u00e1lido en determinados supuestos.<\/p>\n\n\n\n<p>&#8211; A presentar una reclamaci\u00f3n ante la Agencia Espa\u00f1ola de Protecci\u00f3n de Datos, si crees que no te hemos atendido correctamente.<\/p>\n\n\n\n<p>&#8211; A revocar el consentimiento para cualquier tratamiento para el que hayas consentido, en cualquier momento.<\/p>\n\n\n\n<ul class=\"wp-block-list\"><\/ul>\n\n\n\n<p><strong>\u00bfQu\u00e9 son las <\/strong><strong>cookies?<\/strong><\/p>\n\n\n\n<p>Es un fichero que se descarga en su ordenador, smartphone o dispositivo al acceder a una web. Las cookies permiten a la web almacenar y recuperar informaci\u00f3n sobre los h\u00e1bitos de navegaci\u00f3n del usuario o del equipo y, dependiendo de la informaci\u00f3n que contengan y de la forma en que utilice su equipo, pueden utilizarse para reconocer al usuario.<\/p>\n\n\n\n<p><strong>Tipos de cookies seg\u00fan la entidad que las gestiona:<\/strong><\/p>\n\n\n\n<p><strong>Propias: <\/strong>Las que se env\u00edan a su equipo, desde un equipo o dominio gestionado por el propio titular de la web y desde el que se presta el servicio solicitado por el usuario.<\/p>\n\n\n\n<p><strong>De Tercero:<\/strong> Se env\u00edan a su equipo cuando navegas por nuestra web, pero desde un equipo o dominio que es gestionado por un tercero. Si el tercero trata usa los datos obtenidos para sus propios fines, te avisaremos de ellas.<\/p>\n\n\n\n<p><strong>Tipos de cookies seg\u00fan el tiempo que permanecen en el equipo:<\/strong><\/p>\n\n\n\n<p><strong>\u2022 De sesi\u00f3n:<\/strong> Activas cuando se accede a la web, desaparecen al fin de la sesi\u00f3n (ej. lista de productos comprados).<\/p>\n\n\n\n<p><strong>\u2022 Cookies persistentes:<\/strong> Los datos se quedan almacenados en el terminal y puede accederse y tratarse durante el periodo definido en la cookie, incluso a\u00f1os. Si podemos reduciremos al m\u00ednimo su duraci\u00f3n, seg\u00fan su finalidad.<\/p>\n\n\n\n<p><strong>Tipos de cookies seg\u00fan su finalidad:<\/strong><\/p>\n\n\n\n<p><strong>\u2022 Funcionales y T\u00e9cnicas:<\/strong> Si s\u00f3lo prestan el servicio solicitado, no han que cumplir con la LSSI. Son las estrictamente necesarias para la gesti\u00f3n y operativa de la web, y para los servicios solicitados expresamente por el usuario, si se desactivan estas cookies, no recibir\u00e1 correctamente nuestros contenidos o servicios. Ejemplos:<\/p>\n\n\n\n<p>Control del tr\u00e1fico y comunicaci\u00f3n de datos, identificar la sesi\u00f3n, acceso a partes restringidas, recordar el pedido del carrito de compra, realizar compras, gestionar pagos, prevenir fraudes, facilitar inscripciones o participaciones a eventos, contar visitas para facturar el software seg\u00fan el n\u00ba de usos, usar elementos de seguridad al navegar, guardar datos de los v\u00eddeos o sonidos, habilitar contenidos din\u00e1micos (ej. animaci\u00f3n de carga de texto o imagen), compartir contenidos a trav\u00e9s de redes sociales; o gestionar los espacios publicitarios en base a criterios como el contenido editado, sin que se recopile informaci\u00f3n de los usuarios con otros fines (ej. personalizar los contenidos).<\/p>\n\n\n\n<p><strong>\u2022 De Preferencias o personalizaci\u00f3n:<\/strong> Si elige caracter\u00edsticas (ej. si marcas la bandera del idioma de la web) no han que cumplir con la LSSI, al considerarse un servicio expresamente solicitado. Permiten recordar las preferencias del usuario, como el idioma, el n\u00ba de resultados a mostrar cuando hace una b\u00fasqueda, el aspecto o contenido del servicio seg\u00fan el navegador o la regi\u00f3n desde la que accedes, etc.<\/p>\n\n\n\n<p><strong>\u2022 De entrada del usuario:<\/strong> Excluidas de la aplicaci\u00f3n de la LSSI. Rastrean al usuario al rellenar los formularios en l\u00ednea en varias p\u00e1ginas, o como cesta de la compra para seguir los art\u00edculos que haya seleccionado al pulsar un bot\u00f3n.<\/p>\n\n\n\n<p><strong>\u2022 De autenticaci\u00f3n o identificaci\u00f3n de usuario<\/strong> (de sesi\u00f3n). Excluidas de la aplicaci\u00f3n de la LSSI.<\/p>\n\n\n\n<p><strong>\u2022 De seguridad:<\/strong> Excluidas de la aplicaci\u00f3n de la LSSI. Detectan intentos err\u00f3neos o reiterados de conexi\u00f3n a la web.<\/p>\n\n\n\n<p><strong>\u2022 Del reproductor multimedia, de equilibrio de carga; o de personalizaci\u00f3n de la interfaz del usuario.<\/strong> Excluidas de la aplicaci\u00f3n de la LSSI.<\/p>\n\n\n\n<p><strong>\u2022 De complemento (plug-in) o sociales.<\/strong> Excluidas de la LSSI s\u00f3lo para el usuario con la sesi\u00f3n abierta. <strong>&nbsp;<\/strong>Controlan la interacci\u00f3n con las redes sociales dentro de la web. Se usan en \u201cyoutube\u201d, \u201cfacebook\u201d, \u201cgoogle\u201d y \u201ctwitter\u201d, u otros.<\/p>\n\n\n\n<p><strong>\u2022 Cookies de an\u00e1lisis o medici\u00f3n:<\/strong> Debemos obtener un consentimiento informado aunque es poco probable que representen un riesgo para su privacidad si son de de primera parte y que tratan datos agregados para estad\u00edstica.<\/p>\n\n\n\n<p>Tratadas por nosotros o por terceros, permiten cuantificar el n.\u00ba de usuario, medir y analizar el comportamiento que se hace de la web, o contar las impresiones en pantalla o los clics en los anuncios para medir el rendimiento y mejorar la oferta de productos o servicios que ofrecemos.<\/p>\n\n\n\n<p><strong>\u2022 Cookies publicitarias: <\/strong>Tratadas por nosotros o terceros, permiten gestionar la oferta de los espacios publicitarios que hay en la p\u00e1gina web, adecuando el contenido del anuncio al contenido del servicio solicitado, al uso que se realice de la web, o a la informaci\u00f3n que dispongamos sobre sus h\u00e1bitos de navegaci\u00f3n en Internet.<\/p>\n\n\n\n<p><strong>Otras formas de almacenamiento similar a las cookies<\/strong><strong><\/strong><\/p>\n\n\n\n<p><strong>\u2022 LocalStorage y SessionStorage de HTML5: <\/strong>Espacio que la web puede usar en el equipo del usuario. Normalmente borrando el historial de Navegaci\u00f3n se pueden borrar.<\/p>\n\n\n\n<p><strong>\u2022 Local Shared Objects de Flash:<\/strong>&nbsp; Guardan m\u00e1s informaci\u00f3n que una cookie, y son independientes al navegador usado y m\u00e1s dif\u00edciles de localizar, visualizar o borrar. Pueden incluso regenerar cookies est\u00e1ndar. Un ejemplo es el Isolated storage Silverlight, hay que entrar en la carpeta de Microsoft del usuario para borrarlo. (Ej. video de vimeo).<\/p>\n\n\n\n<p><strong>\u2022 Web beacons o bugs:<\/strong> Son im\u00e1genes de tama\u00f1o m\u00ednimo, camufladas en la web e inapreciables a la vista. Se descargan al visitar la web pero que est\u00e1n almacenadas en un segundo sitio desde el que se registra la visita mediante la informaci\u00f3n que el navegador proporciona al descargar la imagen: direcci\u00f3n IP, sistema operativo, navegador, n\u00ba de veces y horarios en los que se descarga la imagen.<\/p>\n\n\n\n<p><strong>Cookies que utiliza esta web:<\/strong><\/p>\n\n\n\n<figure class=\"wp-block-table\"><table class=\"has-fixed-layout\"><tbody><tr><td><strong>Nombre<\/strong><\/td><td><strong>Descripci\u00f3n \/ Finalidad<\/strong><\/td><td><strong>Proveedor<\/strong><\/td><td><strong>Caducidad<\/strong><\/td><\/tr><\/tbody><\/table><\/figure>\n\n\n\n<figure class=\"wp-block-table\"><table class=\"has-fixed-layout\"><tbody><tr><td><strong>NID<\/strong><\/td><td>Publicitaria. Registra una ID<\/td><td>google<\/td><td>6 meses<\/td><\/tr><\/tbody><\/table><\/figure>\n\n\n\n<figure class=\"wp-block-table\"><table class=\"has-fixed-layout\"><tbody><tr><td><strong>OTZ<\/strong><\/td><td>Anal\u00edtica. Cookie que identifica las preferencias del usuario<\/td><td>google<\/td><td>&nbsp;<\/td><\/tr><\/tbody><\/table><\/figure>\n\n\n\n<figure class=\"wp-block-table\"><table class=\"has-fixed-layout\"><tbody><tr><td><strong>SAPISID<\/strong><\/td><td>Publicitaria. Mide el rendimiento de los anuncios y proporciona recomendaciones<\/td><td>google<\/td><td>Persistente<\/td><\/tr><\/tbody><\/table><\/figure>\n\n\n\n<figure class=\"wp-block-table\"><table class=\"has-fixed-layout\"><tbody><tr><td><strong>SIDCC<\/strong><\/td><td>Publicitaria. Mide el rendimiento de los anuncios y proporciona recomendaciones<\/td><td>google<\/td><td>Persistente<\/td><\/tr><\/tbody><\/table><\/figure>\n\n\n\n<figure class=\"wp-block-table\"><table class=\"has-fixed-layout\"><tbody><tr><td><strong>SSID<\/strong><\/td><td>Publicitaria. Mide el rendimiento de los anuncios y proporciona recomendaciones<\/td><td>google<\/td><td>Persistente<\/td><\/tr><\/tbody><\/table><\/figure>\n\n\n\n<figure class=\"wp-block-table\"><table class=\"has-fixed-layout\"><tbody><tr><td><strong>HSID<\/strong><\/td><td>Publicitaria. Mide el rendimiento de los anuncios y proporciona recomendaciones<\/td><td>google<\/td><td>Persistente<\/td><\/tr><\/tbody><\/table><\/figure>\n\n\n\n<figure class=\"wp-block-table\"><table class=\"has-fixed-layout\"><tbody><tr><td><strong>SID<\/strong><\/td><td>Analiticas. Recoge informaci\u00f3n para el buscador de google<\/td><td>google<\/td><td>Sesion<\/td><\/tr><\/tbody><\/table><\/figure>\n\n\n\n<figure class=\"wp-block-table\"><table class=\"has-fixed-layout\"><tbody><tr><td><strong>SEARCH_SAMESITE<\/strong><\/td><td>Funcional. El objetivo es mitigar el riesgo de fuga de informaci\u00f3n de origen cruzado. Tambi\u00e9n proporciona cierta protecci\u00f3n contra los ataques de falsificaci\u00f3n de solicitudes entre sitios.<\/td><td>google<\/td><td>1 a\u00f1o<\/td><\/tr><\/tbody><\/table><\/figure>\n\n\n\n<figure class=\"wp-block-table\"><table class=\"has-fixed-layout\"><tbody><tr><td><strong>SAPISID<\/strong><\/td><td>Analiticas. Permanecer conectado a su cuenta de Google al visitar sus servicios de nuevo.<\/td><td>google<\/td><td>2 a\u00f1os<\/td><\/tr><\/tbody><\/table><\/figure>\n\n\n\n<figure class=\"wp-block-table\"><table class=\"has-fixed-layout\"><tbody><tr><td><strong>__Secure-3PSID<\/strong><\/td><td>Publicitaria. Entrega anuncios m\u00e1s relevantes para usted y sus intereses<\/td><td>google<\/td><td>2 a\u00f1os<\/td><\/tr><\/tbody><\/table><\/figure>\n\n\n\n<figure class=\"wp-block-table\"><table class=\"has-fixed-layout\"><tbody><tr><td><strong>__Secure-3PAPISID<\/strong><\/td><td>Publicitaria. Entrega anuncios m\u00e1s relevantes para usted y sus intereses<\/td><td>google<\/td><td>2 a\u00f1os<\/td><\/tr><\/tbody><\/table><\/figure>\n\n\n\n<figure class=\"wp-block-table\"><table class=\"has-fixed-layout\"><tbody><tr><td><strong>__Secure-3PSIDCC<\/strong><\/td><td>Publicitaria. Muestran anuncios m\u00e1s relevantes para usted y sus gustos.<\/td><td>Google<\/td><td>2 a\u00f1os<\/td><\/tr><\/tbody><\/table><\/figure>\n\n\n\n<figure class=\"wp-block-table\"><table class=\"has-fixed-layout\"><tbody><tr><td><strong>__Secure-ENID<\/strong><\/td><td>Analiticas.<\/td><td>Propia<\/td><td>1 a\u00f1o<\/td><\/tr><\/tbody><\/table><\/figure>\n\n\n\n<figure class=\"wp-block-table\"><table class=\"has-fixed-layout\"><tbody><tr><td><strong>__Secure-1PSID<\/strong><\/td><td>Publicitaria. Entrega anuncios m\u00e1s relevantes para usted y sus intereses<\/td><td>google<\/td><td>1 a\u00f1o<\/td><\/tr><\/tbody><\/table><\/figure>\n\n\n\n<figure class=\"wp-block-table\"><table class=\"has-fixed-layout\"><tbody><tr><td><strong>__Secure-1PAPISID<\/strong><\/td><td>Publicitaria. Entrega anuncios m\u00e1s relevantes para usted y sus intereses<\/td><td>google<\/td><td>2 a\u00f1os<\/td><\/tr><\/tbody><\/table><\/figure>\n\n\n\n<figure class=\"wp-block-table\"><table class=\"has-fixed-layout\"><tbody><tr><td><strong>__Secure-1PSIDCC<\/strong><\/td><td>Publicitaria. Publicidad<\/td><td>google<\/td><td>1 a\u00f1o<\/td><\/tr><\/tbody><\/table><\/figure>\n\n\n\n<figure class=\"wp-block-table\"><table class=\"has-fixed-layout\"><tbody><tr><td><strong>__Secure-3PSIDTS<\/strong><\/td><td>Publicitaria. Utilizada para entregar anuncios m\u00e1s relevantes para el usuario y sus intereses<\/td><td>Google<\/td><td>2 a\u00f1os<\/td><\/tr><\/tbody><\/table><\/figure>\n\n\n\n<figure class=\"wp-block-table\"><table class=\"has-fixed-layout\"><tbody><tr><td><strong>_Secure-1PSIDTS<\/strong><\/td><td>Funcional. Seguridad del usuario frente a accesos indebidos.<\/td><td>Youtube<\/td><td>1 a\u00f1o<\/td><\/tr><\/tbody><\/table><\/figure>\n\n\n\n<p><strong>\u00bfQu\u00e9 ocurre si se deshabilitan las Cookies?<\/strong><\/p>\n\n\n\n<p>Algunas funcionalidades de servicio, o \u00e1reas de la web podr\u00edan no funcionar correctamente. El no aceptar cookies conlleva instalar en su equipo una cookie de rechazo, que nos informa que no desea cookies en las sucesivas visitas.<\/p>\n\n\n\n<p><strong>\u00bfActualizamos nuestra Pol\u00edtica de Cookies?<\/strong><\/p>\n\n\n\n<p>Es posible, por ello le recomendamos revisar esta pol\u00edtica cada vez que acceda a nuestro sitio web con el objetivo de estar adecuadamente informado sobre c\u00f3mo y para qu\u00e9 usamos las cookies.<\/p>\n\n\n\n<p><strong>\u00bfC\u00f3mo puede configurar sus Cookies?<\/strong><\/p>\n\n\n\n<p>Desde el banner que le aparece al acceder a la web, tiene la posibilidad de ejercer su derecho a bloquear, eliminar y rechazar el uso de Cookies. Tambi\u00e9n puede modificando las opciones de su navegador.<\/p>\n\n\n\n<ul class=\"wp-block-list\">\n<li><strong>Microsoft Edge <\/strong>: Configuraci\u00f3n > Configuraci\u00f3n avanzada > Privacidad y servicios > Cookies.<\/li>\n<\/ul>\n\n\n\n<p>M\u00e1s informaci\u00f3n, consulte el <a href=\"http:\/\/windows.microsoft.com\/es-ES\/windows\/support\">soporte de Microsoft<\/a> o la Ayuda del navegador.<\/p>\n\n\n\n<ul class=\"wp-block-list\">\n<li><strong>Mozilla Firefox<\/strong>: Herramientas > Opciones > Privacidad > Historial > Configuraci\u00f3n Personalizada.<\/li>\n<\/ul>\n\n\n\n<p>M\u00e1s informaci\u00f3n, consulte el <a href=\"http:\/\/support.mozilla.org\/es\/home\">soporte de Mozilla<\/a> o la Ayuda del navegador.<\/p>\n\n\n\n<ul class=\"wp-block-list\">\n<li><strong>Google Chrome<\/strong>: Configuraci\u00f3n > Mostrar opciones avanzadas > Privacidad > Configuraci\u00f3n de contenido.<\/li>\n<\/ul>\n\n\n\n<p>M\u00e1s informaci\u00f3n, consulte el <a href=\"http:\/\/support.google.com\/chrome\/?hl=es\">soporte de Google<\/a> o la Ayuda del navegador.<\/p>\n\n\n\n<ul class=\"wp-block-list\">\n<li><strong>Safari (Apple)<\/strong>: Preferencias > Seguridad.<\/li>\n<\/ul>\n\n\n\n<p>M\u00e1s informaci\u00f3n, consulte el <a href=\"http:\/\/www.apple.com\/es\/support\/safari\/\">soporte de Apple<\/a> o la Ayuda del navegador.<\/p>\n\n\n\n<ul class=\"wp-block-list\">\n<li><strong>Opera (Opera Software): <\/strong>Configuraci\u00f3n > Opciones > Avanzado > Cookies<\/li>\n<\/ul>\n\n\n\n<p>M\u00e1s informaci\u00f3n, consulte el <a href=\"http:\/\/help.opera.com\/Windows\/11.50\/es-ES\/cookies.html\">soporte de Opera<\/a> o la Ayuda del navegador.<\/p>\n\n\n\n<p>Si usa otro navegador distinto a los anteriores, consulte su pol\u00edtica de instalaci\u00f3n, uso y bloqueo de cookies.<\/p>\n\n\n\n<p><strong>Opciones para deshabilitar cookies y opt-out.<\/strong><\/p>\n\n\n\n<p>Usando la herramienta <a href=\"http:\/\/www.youronlinechoices.com\/\">www.youronlinechoices.com<\/a>, podr\u00e1 encontrar informaci\u00f3n \u00fatil y configurar, proveedor por proveedor, sus preferencias sobre las cookies.<\/p>\n\n\n\n<p>Hay herramientas de terceros, que permiten a los usuarios detectar las cookies de cada sitio web que visita y gestionar su desactivaci\u00f3n. Por ejemplo, Ghostery: <a href=\"https:\/\/www.ghostery.com\/privacy\/privacy\">https:\/\/www.ghostery.com\/privacy\/privacy<\/a><\/p>\n\n\n\n<p>Existe un complemento para desactivar las cookies de Google Analytics: <a href=\"https:\/\/tools.google.com\/dlpage\/gaoptout?hl=es\">https:\/\/tools.google.com\/dlpage\/gaoptout?hl=es<\/a>&nbsp;<\/p>\n\n\n\n<p>Existe una opci\u00f3n para deshabilitar cookies publicitarias, de todas las empresas suscritas a la NAI (Network advertising iniciative): <a href=\"https:\/\/optout.networkadvertising.org\/?c=1\">https:\/\/optout.networkadvertising.org\/?c=1<\/a><\/p>\n\n\n\n<p>Puedes consultar m\u00e1s informaci\u00f3n sobre cookies en <a href=\"https:\/\/www.aboutcookies.org\/\">https:\/\/www.aboutcookies.org\/<\/a> y en <a href=\"https:\/\/www.allaboutcookies.org\/\">https:\/\/www.allaboutcookies.org\/<\/a><\/p>\n","protected":false},"excerpt":{"rendered":"<p>El titular del presente Sitio es Real Club de Golf las Brisas, con CIF: G29129400. Domicilio: Calle Londres s\/n, C.P. 29660, de Nueva Andaluc\u00eda, Marbella (M\u00e1laga) Tel\u00e9fono: 952810875 Mail DPO: secretaria@realclubdegolflasbrisas.com Esta web, al igual que la mayor\u00eda, usa Cookies. A continuaci\u00f3n encontrar\u00e1 informaci\u00f3n detallada sobre qu\u00e9 son las Cookies, qu\u00e9 tipolog\u00eda usa este sitio<a class=\"more-link\" href=\"https:\/\/realclubdegolflasbrisas.com\/es\/politica-de-cookies\/\"> Read Full Article <\/a><\/p>\n","protected":false},"author":259,"featured_media":0,"parent":0,"menu_order":30,"comment_status":"closed","ping_status":"closed","template":"full_width_template.php","meta":{"_genesis_hide_title":false,"_genesis_hide_breadcrumbs":false,"_genesis_hide_singular_image":false,"_genesis_hide_footer_widgets":false,"_genesis_custom_body_class":"","_genesis_custom_post_class":"","_genesis_layout":"","footnotes":""},"class_list":{"0":"post-12250","1":"page","2":"type-page","3":"status-publish","5":"entry"},"_links":{"self":[{"href":"https:\/\/realclubdegolflasbrisas.com\/es\/wp-json\/wp\/v2\/pages\/12250","targetHints":{"allow":["GET"]}}],"collection":[{"href":"https:\/\/realclubdegolflasbrisas.com\/es\/wp-json\/wp\/v2\/pages"}],"about":[{"href":"https:\/\/realclubdegolflasbrisas.com\/es\/wp-json\/wp\/v2\/types\/page"}],"author":[{"embeddable":true,"href":"https:\/\/realclubdegolflasbrisas.com\/es\/wp-json\/wp\/v2\/users\/259"}],"replies":[{"embeddable":true,"href":"https:\/\/realclubdegolflasbrisas.com\/es\/wp-json\/wp\/v2\/comments?post=12250"}],"version-history":[{"count":0,"href":"https:\/\/realclubdegolflasbrisas.com\/es\/wp-json\/wp\/v2\/pages\/12250\/revisions"}],"wp:attachment":[{"href":"https:\/\/realclubdegolflasbrisas.com\/es\/wp-json\/wp\/v2\/media?parent=12250"}],"curies":[{"name":"wp","href":"https:\/\/api.w.org\/{rel}","templated":true}]}}