{"id":16524,"date":"2018-05-18T12:00:20","date_gmt":"2018-05-18T10:00:20","guid":{"rendered":"http:\/\/www.realclubdegolflasbrisas.com\/?page_id=16524\/"},"modified":"2025-11-14T14:49:32","modified_gmt":"2025-11-14T13:49:32","slug":"aviso-legal","status":"publish","type":"page","link":"https:\/\/realclubdegolflasbrisas.com\/es\/aviso-legal\/","title":{"rendered":"Aviso Legal"},"content":{"rendered":"\n<p>Este documento regula las normas de uso de <a href=\"https:\/\/realclubdegolflasbrisas.com\/es\/\">https:\/\/realclubdegolflasbrisas.com\/es\/<\/a><strong> <\/strong>&nbsp;(en adelante el \u00abSitio\u00bb), incluyendo todos los contenidos del dominio y sus subdominios.<\/p>\n\n\n\n<p>Al usar el Sitio, te conviertes en Usuario, y aceptas las condiciones legales. Puedes leer en cualquier momento la web y los avisos; y recuerda que pueden sufrir modificaciones.<\/p>\n\n\n\n<p><strong>2.- Titularidad del Sitio Web.<\/strong><\/p>\n\n\n\n<p><strong>Titular del Sitio:<\/strong> Real Club de Golf las Brisas&nbsp; <strong>CIF<\/strong>: G29129400.<\/p>\n\n\n\n<p><strong>Direcci\u00f3n<\/strong>: Calle Londres s\/n, C.P. 29660, de Nueva Andaluc\u00eda, Marbella (M\u00e1laga)<\/p>\n\n\n\n<p><strong>Tel\u00e9fono<\/strong>: 952810875&nbsp;<\/p>\n\n\n\n<p><strong>Contacto DPO<\/strong>: <a href=\"mailto:secretaria@realclubdegolflasbrisas.com\">secretaria@realclubdegolflasbrisas.com<\/a><\/p>\n\n\n\n<p><strong>3.- Condiciones de uso del portal para los usuarios.<\/strong><\/p>\n\n\n\n<p>Est\u00e1 prohibido sobrecargar, da\u00f1ar o inutilizar los sistemas o aplicaciones inform\u00e1ticas del titular o de terceros; o usarlas con fines lesivos para sus bienes o intereses.<\/p>\n\n\n\n<p>Si tienes conocimiento de que los hiperenlaces remiten a webs con contenidos o servicios que son il\u00edcitos, nocivos, denigrantes, violentos o contrarios a la moral; o si detectas cualquier problema o contenido ileg\u00edtimo en nuestra web, comun\u00edcanoslo para poder eliminarlos.<\/p>\n\n\n\n<p>Si nos remites cualquier informaci\u00f3n te comprometes a que la misma sea veraz y que no vulnere derechos de terceros ni la legalidad vigente.<\/p>\n\n\n\n<p>Te comprometes a no reproducir, distribuir, transformar, modificar o manipular los contenidos, ni los dispositivos t\u00e9cnicos de protecci\u00f3n o de configuraci\u00f3n del Sitio. Tampoco debes usar medios distintos de los que hemos puesto a tu disposici\u00f3n, para obtener materiales, informaciones o archivos incluidos en el Sitio.<\/p>\n\n\n\n<p><strong>4.- Propiedad intelectual e industrial.<\/strong><\/p>\n\n\n\n<p>Tenemos derechos de propiedad intelectual de todos los contenidos del sitio o disponemos de la autorizaci\u00f3n oportuna para usarlos.<\/p>\n\n\n\n<p>Todas las marcas o signos distintivos usados est\u00e1n protegidos por la Ley; la reproducci\u00f3n, distribuci\u00f3n, comercializaci\u00f3n o transformaci\u00f3n no autorizada de contenidos del Sitio; es una infracci\u00f3n de los derechos de propiedad intelectual e industrial.<\/p>\n\n\n\n<p>Dicho uso no autorizado, as\u00ed como los perjuicios ocasionados; pueden resultar en acciones judiciales y si procede, en la responsabilidad que se derive.<\/p>\n\n\n\n<p><strong>5.- Actuaci\u00f3n diligente del titular del Sitio, para la exclusi\u00f3n de responsabilidad.<\/strong><\/p>\n\n\n\n<p>El contenido, programas, informaci\u00f3n y\/o consejos expresados en este Sitio deben entenderse como orientativos, salvo que haya una contrataci\u00f3n donde las partes asumamos obligaciones. Mientras tanto, queda exenta de cualquier responsabilidad contractual o extracontractual con los usuarios.<\/p>\n\n\n\n<p>En el Sitio se pueden publicar contenidos o botones de terceros. Intentamos dar las m\u00e1ximas garant\u00edas de seguridad, pero debes ser consciente de que podr\u00eda haber virus, elementos que alteren tus sistemas o hiperenlaces no autorizados. Te recomendamos que te mantengas atento y nos notifiques cualquier problema que te encuentres en la p\u00e1gina, para que podamos ponerle remedio de inmediato.<\/p>\n\n\n\n<p>Tambi\u00e9n puede haber hiperenlaces (links) de sitios externos. Haremos las comprobaciones previas oportunas y eliminaremos esos links en cuanto sepamos que incumplen la normativa vigente, o que pueden causar un potencial perjuicio al usuario. Te aconsejamos actuar con prudencia y consultar las condiciones legales de dichas webs.<\/p>\n\n\n\n<p>Actualizaremos el contenido del Sitio siempre respetando la legalidad y sus derechos. Si el sitio no est\u00e1 disponible o funciona mal, intentaremos restaurarlo lo antes posible.<\/p>\n\n\n\n<p>Pese a que ponemos todas las medidas de seguridad necesarias, nuestra responsabilidad es de medios, no de resultados, por lo que no podemos garantizar la ausencia de virus ni de otros elementos en la web que puedan producir alteraciones en tu sistema inform\u00e1tico.<\/p>\n\n\n\n<p>Por ello, estaremos exentos de responsabilidad si hemos puesto previa y proactivamente todas las medidas t\u00e9cnicas a nuestro alcance, y si una vez surgida la incidencia y desde que conozcamos su existencia, trabajamos de forma diligente para minimizar el impacto de la misma en tus derechos y libertades. En caso de perjuicios ocasionados por virus inform\u00e1ticos o ataques, el culpable ser\u00e1 el causante del ataque.<\/p>\n\n\n\n<p>Siempre tendr\u00e1s derecho a realizar las reclamaciones legales que consideres oportunas, no sirviendo este condicionado para limitar de ninguna forma tus derechos.<\/p>\n\n\n\n<p><strong>6.- Legislaci\u00f3n.<\/strong>&nbsp;&nbsp;&nbsp;&nbsp;&nbsp;<\/p>\n\n\n\n<p>El presente Aviso legal se rige en todos y cada uno de sus extremos por la legislaci\u00f3n espa\u00f1ola. El presente contrato est\u00e1 establecido en idioma espa\u00f1ol.<\/p>\n\n\n\n<p><br><strong>7.- Contacte con nosotros.<\/strong><\/p>\n\n\n\n<p>Si tiene Ud. cualquier pregunta sobre las condiciones reflejadas en este Aviso Legal, o si le gustar\u00eda hacer cualquier sugerencia o recomendaci\u00f3n, por favor dir\u00edjase a nosotros a trav\u00e9s del email facilitado en el punto 2\u00ba.<\/p>\n\n\n\n<p><\/p>\n","protected":false},"excerpt":{"rendered":"<p>Este documento regula las normas de uso de https:\/\/realclubdegolflasbrisas.com\/es\/ &nbsp;(en adelante el \u00abSitio\u00bb), incluyendo todos los contenidos del dominio y sus subdominios. Al usar el Sitio, te conviertes en Usuario, y aceptas las condiciones legales. Puedes leer en cualquier momento la web y los avisos; y recuerda que pueden sufrir modificaciones. 2.- Titularidad del Sitio<a class=\"more-link\" href=\"https:\/\/realclubdegolflasbrisas.com\/es\/aviso-legal\/\"> Read Full Article <\/a><\/p>\n","protected":false},"author":259,"featured_media":0,"parent":0,"menu_order":0,"comment_status":"closed","ping_status":"closed","template":"full_width_template.php","meta":{"_genesis_hide_title":false,"_genesis_hide_breadcrumbs":false,"_genesis_hide_singular_image":false,"_genesis_hide_footer_widgets":false,"_genesis_custom_body_class":"","_genesis_custom_post_class":"","_genesis_layout":"","footnotes":""},"class_list":{"0":"post-16524","1":"page","2":"type-page","3":"status-publish","5":"entry"},"_links":{"self":[{"href":"https:\/\/realclubdegolflasbrisas.com\/es\/wp-json\/wp\/v2\/pages\/16524","targetHints":{"allow":["GET"]}}],"collection":[{"href":"https:\/\/realclubdegolflasbrisas.com\/es\/wp-json\/wp\/v2\/pages"}],"about":[{"href":"https:\/\/realclubdegolflasbrisas.com\/es\/wp-json\/wp\/v2\/types\/page"}],"author":[{"embeddable":true,"href":"https:\/\/realclubdegolflasbrisas.com\/es\/wp-json\/wp\/v2\/users\/259"}],"replies":[{"embeddable":true,"href":"https:\/\/realclubdegolflasbrisas.com\/es\/wp-json\/wp\/v2\/comments?post=16524"}],"version-history":[{"count":0,"href":"https:\/\/realclubdegolflasbrisas.com\/es\/wp-json\/wp\/v2\/pages\/16524\/revisions"}],"wp:attachment":[{"href":"https:\/\/realclubdegolflasbrisas.com\/es\/wp-json\/wp\/v2\/media?parent=16524"}],"curies":[{"name":"wp","href":"https:\/\/api.w.org\/{rel}","templated":true}]}}