{"id":17133,"date":"2019-12-02T13:50:15","date_gmt":"2019-12-02T12:50:15","guid":{"rendered":"https:\/\/realclubdegolflasbrisas.com\/?page_id=17133\/"},"modified":"2020-03-13T09:06:59","modified_gmt":"2020-03-13T08:06:59","slug":"descarga-app","status":"publish","type":"page","link":"https:\/\/realclubdegolflasbrisas.com\/es\/descarga-app\/","title":{"rendered":"Descarga app"},"content":{"rendered":"<div>RCGLasBrisas es una nueva aplicaci\u00f3n m\u00f3vil a trav\u00e9s de la cual podr\u00e1:<\/div>\n<ul>\n<li>Gestionar\u00a0f\u00e1cilmente sus reservas y su participaci\u00f3n en los distintos torneos.<\/li>\n<li>Pasar a estar puntualmente informando sobre aquellos aspectos que m\u00e1s le interesan del club.<\/li>\n<\/ul>\n<div>Esta soluci\u00f3n nos permitir\u00e1 <strong>mejorar la comunicaci\u00f3n entre el club y sus socios.<\/strong><\/div>\n<p style=\"text-align: center;\"><img loading=\"lazy\" decoding=\"async\" class=\"aligncenter wp-image-17235\" src=\"https:\/\/realclubdegolflasbrisas.com\/wp-content\/uploads\/2019\/12\/rcglasbrisas.png\" alt=\"\" width=\"56\" height=\"56\" srcset=\"https:\/\/realclubdegolflasbrisas.com\/wp-content\/uploads\/2019\/12\/rcglasbrisas.png 300w, https:\/\/realclubdegolflasbrisas.com\/wp-content\/uploads\/2019\/12\/rcglasbrisas-150x150.png 150w\" sizes=\"auto, (max-width: 56px) 100vw, 56px\" \/><\/p>\n<p style=\"text-align: center;\"><a href=\"https:\/\/apps.apple.com\/es\/app\/real-club-de-golf-las-brisas\/id1498220148\">iOs version<\/a> &#8211; <a href=\"https:\/\/play.google.com\/store\/apps\/details?id=com.lasbrisas.golf&amp;hl=es_419\">Android version<\/a><\/p>\n\n\t\t<style type=\"text\/css\">\n\t\t\t#gallery-1 {\n\t\t\t\tmargin: auto;\n\t\t\t}\n\t\t\t#gallery-1 .gallery-item {\n\t\t\t\tfloat: left;\n\t\t\t\tmargin-top: 10px;\n\t\t\t\ttext-align: center;\n\t\t\t\twidth: 25%;\n\t\t\t}\n\t\t\t#gallery-1 img {\n\t\t\t\tborder: 2px solid #cfcfcf;\n\t\t\t}\n\t\t\t#gallery-1 .gallery-caption {\n\t\t\t\tmargin-left: 0;\n\t\t\t}\n\t\t\t\/* see gallery_shortcode() in wp-includes\/media.php *\/\n\t\t<\/style>\n\t\t<div id='gallery-1' class='gallery galleryid-17133 gallery-columns-4 gallery-size-thumbnail'><dl class='gallery-item'>\n\t\t\t<dt class='gallery-icon portrait'>\n\t\t\t\t<a href='https:\/\/realclubdegolflasbrisas.com\/wp-content\/uploads\/2019\/12\/01-Icono-y-nombre-en-el-movil.jpg' title=\"\" data-rl_title=\"\" class=\"rl-gallery-link\" data-rl_caption=\"\" data-rel=\"lightbox-gallery-1\"><img loading=\"lazy\" decoding=\"async\" width=\"150\" height=\"150\" src=\"https:\/\/realclubdegolflasbrisas.com\/wp-content\/uploads\/2019\/12\/01-Icono-y-nombre-en-el-movil-150x150.jpg\" class=\"attachment-thumbnail size-thumbnail\" alt=\"\" srcset=\"https:\/\/realclubdegolflasbrisas.com\/wp-content\/uploads\/2019\/12\/01-Icono-y-nombre-en-el-movil-150x150.jpg 150w, https:\/\/realclubdegolflasbrisas.com\/wp-content\/uploads\/2019\/12\/01-Icono-y-nombre-en-el-movil-300x300.jpg 300w\" sizes=\"auto, (max-width: 150px) 100vw, 150px\" \/><\/a>\n\t\t\t<\/dt><\/dl><dl class='gallery-item'>\n\t\t\t<dt class='gallery-icon portrait'>\n\t\t\t\t<a href='https:\/\/realclubdegolflasbrisas.com\/wp-content\/uploads\/2019\/12\/02-Pantalla-de-carga-principal.jpg' title=\"\" data-rl_title=\"\" class=\"rl-gallery-link\" data-rl_caption=\"\" data-rel=\"lightbox-gallery-1\"><img loading=\"lazy\" decoding=\"async\" width=\"150\" height=\"150\" src=\"https:\/\/realclubdegolflasbrisas.com\/wp-content\/uploads\/2019\/12\/02-Pantalla-de-carga-principal-150x150.jpg\" class=\"attachment-thumbnail size-thumbnail\" alt=\"\" srcset=\"https:\/\/realclubdegolflasbrisas.com\/wp-content\/uploads\/2019\/12\/02-Pantalla-de-carga-principal-150x150.jpg 150w, https:\/\/realclubdegolflasbrisas.com\/wp-content\/uploads\/2019\/12\/02-Pantalla-de-carga-principal-300x300.jpg 300w\" sizes=\"auto, (max-width: 150px) 100vw, 150px\" \/><\/a>\n\t\t\t<\/dt><\/dl><dl class='gallery-item'>\n\t\t\t<dt class='gallery-icon portrait'>\n\t\t\t\t<a href='https:\/\/realclubdegolflasbrisas.com\/wp-content\/uploads\/2019\/12\/03-Pantalla-de-activacio\u0081n.jpg' title=\"\" data-rl_title=\"\" class=\"rl-gallery-link\" data-rl_caption=\"\" data-rel=\"lightbox-gallery-1\"><img loading=\"lazy\" decoding=\"async\" width=\"150\" height=\"150\" src=\"https:\/\/realclubdegolflasbrisas.com\/wp-content\/uploads\/2019\/12\/03-Pantalla-de-activacio\u0081n-150x150.jpg\" class=\"attachment-thumbnail size-thumbnail\" alt=\"\" srcset=\"https:\/\/realclubdegolflasbrisas.com\/wp-content\/uploads\/2019\/12\/03-Pantalla-de-activacio\u0081n-150x150.jpg 150w, https:\/\/realclubdegolflasbrisas.com\/wp-content\/uploads\/2019\/12\/03-Pantalla-de-activacio\u0081n-300x300.jpg 300w\" sizes=\"auto, (max-width: 150px) 100vw, 150px\" \/><\/a>\n\t\t\t<\/dt><\/dl><dl class='gallery-item'>\n\t\t\t<dt class='gallery-icon portrait'>\n\t\t\t\t<a href='https:\/\/realclubdegolflasbrisas.com\/wp-content\/uploads\/2019\/12\/04-Vista-principal-de-inicio.jpg' title=\"\" data-rl_title=\"\" class=\"rl-gallery-link\" data-rl_caption=\"\" data-rel=\"lightbox-gallery-1\"><img loading=\"lazy\" decoding=\"async\" width=\"150\" height=\"150\" src=\"https:\/\/realclubdegolflasbrisas.com\/wp-content\/uploads\/2019\/12\/04-Vista-principal-de-inicio-150x150.jpg\" class=\"attachment-thumbnail size-thumbnail\" alt=\"\" srcset=\"https:\/\/realclubdegolflasbrisas.com\/wp-content\/uploads\/2019\/12\/04-Vista-principal-de-inicio-150x150.jpg 150w, https:\/\/realclubdegolflasbrisas.com\/wp-content\/uploads\/2019\/12\/04-Vista-principal-de-inicio-300x300.jpg 300w\" sizes=\"auto, (max-width: 150px) 100vw, 150px\" \/><\/a>\n\t\t\t<\/dt><\/dl><br style=\"clear: both\" \/><dl class='gallery-item'>\n\t\t\t<dt class='gallery-icon portrait'>\n\t\t\t\t<a href='https:\/\/realclubdegolflasbrisas.com\/wp-content\/uploads\/2019\/12\/05-Vista-principal-reservas.jpg' title=\"\" data-rl_title=\"\" class=\"rl-gallery-link\" data-rl_caption=\"\" data-rel=\"lightbox-gallery-1\"><img loading=\"lazy\" decoding=\"async\" width=\"150\" height=\"150\" src=\"https:\/\/realclubdegolflasbrisas.com\/wp-content\/uploads\/2019\/12\/05-Vista-principal-reservas-150x150.jpg\" class=\"attachment-thumbnail size-thumbnail\" alt=\"\" srcset=\"https:\/\/realclubdegolflasbrisas.com\/wp-content\/uploads\/2019\/12\/05-Vista-principal-reservas-150x150.jpg 150w, https:\/\/realclubdegolflasbrisas.com\/wp-content\/uploads\/2019\/12\/05-Vista-principal-reservas-300x300.jpg 300w\" sizes=\"auto, (max-width: 150px) 100vw, 150px\" \/><\/a>\n\t\t\t<\/dt><\/dl><dl class='gallery-item'>\n\t\t\t<dt class='gallery-icon portrait'>\n\t\t\t\t<a href='https:\/\/realclubdegolflasbrisas.com\/wp-content\/uploads\/2019\/12\/06-Vista-principal-notificaciones.jpg' title=\"\" data-rl_title=\"\" class=\"rl-gallery-link\" data-rl_caption=\"\" data-rel=\"lightbox-gallery-1\"><img loading=\"lazy\" decoding=\"async\" width=\"150\" height=\"150\" src=\"https:\/\/realclubdegolflasbrisas.com\/wp-content\/uploads\/2019\/12\/06-Vista-principal-notificaciones-150x150.jpg\" class=\"attachment-thumbnail size-thumbnail\" alt=\"\" srcset=\"https:\/\/realclubdegolflasbrisas.com\/wp-content\/uploads\/2019\/12\/06-Vista-principal-notificaciones-150x150.jpg 150w, https:\/\/realclubdegolflasbrisas.com\/wp-content\/uploads\/2019\/12\/06-Vista-principal-notificaciones-300x300.jpg 300w\" sizes=\"auto, (max-width: 150px) 100vw, 150px\" \/><\/a>\n\t\t\t<\/dt><\/dl><dl class='gallery-item'>\n\t\t\t<dt class='gallery-icon portrait'>\n\t\t\t\t<a href='https:\/\/realclubdegolflasbrisas.com\/wp-content\/uploads\/2019\/12\/07-Vista-principal-informacion.jpg' title=\"\" data-rl_title=\"\" class=\"rl-gallery-link\" data-rl_caption=\"\" data-rel=\"lightbox-gallery-1\"><img loading=\"lazy\" decoding=\"async\" width=\"150\" height=\"150\" src=\"https:\/\/realclubdegolflasbrisas.com\/wp-content\/uploads\/2019\/12\/07-Vista-principal-informacion-150x150.jpg\" class=\"attachment-thumbnail size-thumbnail\" alt=\"\" srcset=\"https:\/\/realclubdegolflasbrisas.com\/wp-content\/uploads\/2019\/12\/07-Vista-principal-informacion-150x150.jpg 150w, https:\/\/realclubdegolflasbrisas.com\/wp-content\/uploads\/2019\/12\/07-Vista-principal-informacion-300x300.jpg 300w\" sizes=\"auto, (max-width: 150px) 100vw, 150px\" \/><\/a>\n\t\t\t<\/dt><\/dl>\n\t\t\t<br style='clear: both' \/>\n\t\t<\/div>\n\n","protected":false},"excerpt":{"rendered":"<p>RCGLasBrisas es una nueva aplicaci\u00f3n m\u00f3vil a trav\u00e9s de la cual podr\u00e1: Gestionar\u00a0f\u00e1cilmente sus reservas y su participaci\u00f3n en los distintos torneos. Pasar a estar puntualmente informando sobre aquellos aspectos que m\u00e1s le interesan del club. Esta soluci\u00f3n nos permitir\u00e1 mejorar la comunicaci\u00f3n entre el club y sus socios. iOs version &#8211; Android version<\/p>\n","protected":false},"author":259,"featured_media":0,"parent":0,"menu_order":0,"comment_status":"closed","ping_status":"closed","template":"","meta":{"_genesis_hide_title":false,"_genesis_hide_breadcrumbs":false,"_genesis_hide_singular_image":false,"_genesis_hide_footer_widgets":false,"_genesis_custom_body_class":"","_genesis_custom_post_class":"","_genesis_layout":"","footnotes":""},"class_list":{"0":"post-17133","1":"page","2":"type-page","3":"status-publish","5":"entry","6":"has-post-thumbnail"},"_links":{"self":[{"href":"https:\/\/realclubdegolflasbrisas.com\/es\/wp-json\/wp\/v2\/pages\/17133","targetHints":{"allow":["GET"]}}],"collection":[{"href":"https:\/\/realclubdegolflasbrisas.com\/es\/wp-json\/wp\/v2\/pages"}],"about":[{"href":"https:\/\/realclubdegolflasbrisas.com\/es\/wp-json\/wp\/v2\/types\/page"}],"author":[{"embeddable":true,"href":"https:\/\/realclubdegolflasbrisas.com\/es\/wp-json\/wp\/v2\/users\/259"}],"replies":[{"embeddable":true,"href":"https:\/\/realclubdegolflasbrisas.com\/es\/wp-json\/wp\/v2\/comments?post=17133"}],"version-history":[{"count":0,"href":"https:\/\/realclubdegolflasbrisas.com\/es\/wp-json\/wp\/v2\/pages\/17133\/revisions"}],"wp:attachment":[{"href":"https:\/\/realclubdegolflasbrisas.com\/es\/wp-json\/wp\/v2\/media?parent=17133"}],"curies":[{"name":"wp","href":"https:\/\/api.w.org\/{rel}","templated":true}]}}